{"id":404,"date":"2017-03-08T19:39:28","date_gmt":"2017-03-08T18:39:28","guid":{"rendered":"http:\/\/test.acquaspoleto.com\/?page_id=404\/"},"modified":"2026-02-03T12:36:02","modified_gmt":"2026-02-03T11:36:02","slug":"terms-conditions","status":"publish","type":"page","link":"https:\/\/acquaspoleto.com\/en\/terms-conditions\/","title":{"rendered":"Terms &#038; Conditions"},"content":{"rendered":"<h3 style=\"text-align: center;\"><strong>CONDIZIONI CONTRATTUALI DI VENDITA<\/strong><\/h3>\n<p style=\"text-align: center;\"><strong>PREMESSE<\/strong><\/p>\n<p>L&#8217;offerta e la vendita di prodotti sul sito web Acquaspoleto.com sono regolati dalle seguenti condizioni generali di vendita. I prodotti acquistati sul sito sono venduti da Gabriela Goffi Profumeria, con sede in Largo Ferrer 3 &#8211; 06049 Spoleto (Pg), Partita IVA: 02041520541.<\/p>\n<p style=\"text-align: center;\"><strong>DEFINIZIONI<\/strong><\/p>\n<p>Nel presente contratto vengono utilizzate le seguenti definizioni:<\/p>\n<p>Cliente: indica la persona fisica che acquista i prodotti per scopi estranei all&#8217;attivit\u00e0 imprenditoriale, commerciale, artigianale o professionale eventualmente svolta;<\/p>\n<p>Acquaspoleto.com: indica l&#8217;azienda Gabriela Goffi Profumeria, con sede in Largo Ferrer 3 &#8211; 06049 Spoleto (Pg), Partita IVA: 02041520541;<\/p>\n<p>Prodotti: indica i prodotti commercializzati da Acquaspoleto.com;<\/p>\n<p>Parte: indica il Cliente o Acquaspoleto.com disgiuntamente;<\/p>\n<p>Parti: indica il Cliente e Acquaspoleto.com congiuntamente.<\/p>\n<p style=\"text-align: center;\"><strong>CONOSCENZA DELLE CONDIZIONI GENERALI DI VENDITA<\/strong><\/p>\n<p>Le condizioni di vendita sono ritenute conosciute dal Cliente al momento dell&#8217;effettuazione dell&#8217;acquisto. Pertanto ogni ordine ne comporta l&#8217;implicita accettazione. Le presenti condizioni generali possono essere aggiornate o modificate in qualsiasi momento da Acquaspoleto.com, che provveder\u00e0 a darne comunicazione attraverso gli appositi canali di comunicazione alla clientela.<\/p>\n<p style=\"text-align: center;\"><strong>OGGETTO DEL CONTRATTO<\/strong><\/p>\n<p>L&#8217;offerta e la vendita di prodotti sul sito web Acquaspoleto.com implicano l\u2019attuazione di un contratto a distanza disciplinato dagli artt. 50 ss. del Decreto Legislativo 6 settembre 2005, n. 206 (Codice del Consumo), nonch\u00e9 dal Decreto Legislativo 9 aprile 2003 n. 70 (c.d. Legge sul Commercio Elettronico). L&#8217;acquisto dei prodotti \u00e8 destinato solo ai consumatori privati.<\/p>\n<p style=\"text-align: center;\"><strong>ACCETTAZIONE DELL\u2019ORDINE E CONCLUSIONE DEL CONTRATTO DI VENDITA<\/strong><\/p>\n<p>Il Cliente, inviando un ordine di acquisto, dichiara di conoscere ed accettare le presenti condizioni di vendita e le ulteriori informazioni contenute sul sito. Il contratto si intender\u00e0 concluso, e sar\u00e0 vincolante per entrambe le parti, solo nel momento in cui verr\u00e0 inviato al Cliente, via e-mail all\u2019indirizzo di posta elettronica indicato al momento dell\u2019acquisto, l&#8217;avviso di avvenuta spedizione.<\/p>\n<p style=\"text-align: center;\"><strong>PRODOTTI E PREZZI DI VENDITA<\/strong><\/p>\n<p>Tutti i prezzi di vendita dei prodotti presenti sul sito Acquaspoleto.com sono comprensivi di IVA. e di ogni altra imposta (le spese di spedizione, ove richieste, sono indicate a parte). Essi costituiscono offerta al pubblico ai sensi dell\u2019art. 1336 c.c. Resta inteso che l&#8217;immagine a corredo della presentazione dei prodotti pu\u00f2 non essere perfettamente rappresentativa delle sue caratteristiche ma differire per colore, dimensioni e prodotti accessori presenti nella figura.<\/p>\n<p style=\"text-align: center;\"><strong>MODALITA\u2019 DI PAGAMENTO<\/strong><\/p>\n<p>Al momento dell\u2019acquisto, il Cliente potr\u00e0 scegliere se pagare tramite Carta di Credito, conto PayPal, Bonifico Bancario o contrassegno.<\/p>\n<p>Per il pagamento con carta di credito oppure Conto PayPal, il Cliente verr\u00e0 ridirezionato sulla piattaforma di pagamento PayPal, dove potr\u00e0 effettuare il pagamento in modalit\u00e0 sicura. La piattaforma PayPal gestisce direttamente i dati immessi sul proprio sito Internet per effettuare il pagamento. Acquaspoleto.com non raccoglie alcun dato relativo alla Carta di Credito utilizzata, o relativo ai codici di accesso alla forma di pagamento &#8220;PayPal&#8221;. Queste informazioni sono raccolte direttamente dal sistema di pagamento PayPal. Nel caso di pagamento tramite bonifico bancario, il cliente dovr\u00e0 effettuare il pagamento entro 3 giorni lavorativi dall&#8217;effettuazione dell&#8217;ordine, seguendo le istruzioni che gli vengono comunicate sul sito Internet e nella e-mail automatica con cui viene comunicata la ricezione dell&#8217;ordine. La merce acquistata sar\u00e0 spedita al cliente solo a seguito della ricezione effettiva del bonifico presso il conto corrente di Acquaspoleto.com.<\/p>\n<p>La causale del bonifico dovr\u00e0 indicare il numero d&#8217;ordine, comunicato nella gi\u00e0 citata e-mail di ricezione ordine. Nel caso di pagamento tramite contrassegno, il cliente dovr\u00e0 pagare un supplemento di costo di 3,00 euro (IVA inclusa) per la gestione del contrassegno da parte del corriere espresso. Il pagamento dovr\u00e0 essere effettuato alla consegna, in contanti, direttamente al corriere. Il corriere non accetta assegni di alcun tipo.<\/p>\n<p style=\"text-align: center;\"><strong>CERTIFICAZIONE FISCALE E FATTURA<\/strong><\/p>\n<p>La fattura relativa ai prodotti acquistati dai privati non viene emessa in quanto trattasi di operazioni di vendita non soggette all&#8217; obbligo di certificazione fiscale ai sensi dell&#8217;articolo 22 comma 1 n 1 del Dpr 633 del 1972 e dell&#8217;articolo 2 del Dpr 696 del 1996. A tutti i clienti viene inviata un riepilogo ordine che ha lo stesso valore fiscale e legale di uno scontrino tradizionale.<\/p>\n<p style=\"text-align: center;\"><strong>MODALITA\u2019 E TEMPI DI CONSEGNA<\/strong><\/p>\n<p>I prodotti vengono spediti a mezzo corriere espresso, ed i tempi di consegna al Cliente variano in funzione della destinazione, del momento in cui l&#8217;ordine viene acquisito e della disponibilit\u00e0 del prodotto stesso. In ogni caso, comunque, i tempi del recapito non supereranno mai quelli previsti dall&#8217;art. 6 D.Lgs. 185\/99.<\/p>\n<p>Al momento del ricevimento della merce, il Cliente deve tassativamente verificare che il pacco sia perfettamente chiuso, integro, non danneggiato. Su ogni pacco viene applicato un nastro adesivo di garanzia per impedirne l\u2019apertura e per segnalare, qualora il nastro sia danneggiato, eventuali tentativi di manomissione. Nel caso in cui il nastro di garanzia risulti danneggiato, il Cliente dovr\u00e0 immediatamente segnalare il fatto al corriere, accettando il pacco con riserva specifica che indichi dove e come il pacco risultasse danneggiato. In caso contrario il pacco si riterr\u00e0 regolarmente consegnato. In caso il cliente non sia reperibile al momento della consegna dell\u2019ordine, il corriere lascer\u00e0 un avviso. Il giorno successivo provveder\u00e0 a fare un secondo tentativo. Se anche in questo caso non \u00e8 possibile consegnare l\u2019ordine, il Cliente deve al pi\u00f9 presto mettersi in contatto con il corriere per concordare la consegna dell\u2019ordine, entro massimo 2 giorni lavorativi. Per poter effettuare la consegna senza impedimenti, al Cliente viene richiesto di inserire un numero di telefono cellulare nei dati di consegna.<\/p>\n<p style=\"text-align: center;\"><strong>COSTI DI SPEDIZIONE<\/strong><\/p>\n<ul>\n<li>\n<p data-path-to-node=\"3,1,0,0\"><b data-path-to-node=\"3,1,0,0\" data-index-in-node=\"0\">Italia:<\/b> La spedizione ha un costo fisso di <b data-path-to-node=\"3,1,0,0\" data-index-in-node=\"43\">8,00 \u20ac<\/b>. La consegna \u00e8 <b data-path-to-node=\"3,1,0,0\" data-index-in-node=\"65\">gratuita<\/b> per tutti gli ordini superiori a <b data-path-to-node=\"3,1,0,0\" data-index-in-node=\"107\">70,00 \u20ac<\/b>.<\/p>\n<\/li>\n<li>\n<p data-path-to-node=\"3,1,1,0\"><b data-path-to-node=\"3,1,1,0\" data-index-in-node=\"0\">Estero:<\/b> Le spedizioni internazionali sono disponibili con tariffe a partire da <b data-path-to-node=\"3,1,1,0\" data-index-in-node=\"79\">26,00 \u20ac<\/b>. L&#8217;importo esatto verr\u00e0 calcolato e visualizzato nel carrello prima della conferma dell&#8217;ordine e del pagamento.<\/p>\n<\/li>\n<\/ul>\n<p style=\"text-align: center;\"><strong>DIRITTO DI RESO E RECESSO<\/strong><\/p>\n<p>Ai sensi e per gli effetti del Codice del Consumo, cos\u00ec come modificato dal D.Lgs. n.21\/2014, al Cliente \u00e8 data facolt\u00e0 di esercitare il diritto di recesso, senza alcuna penalit\u00e0 e senza specificarne il motivo, entro 14 giorni di calendario dalla data di consegna del bene acquistato. Per avvalersi di tale diritto, il Cliente dovr\u00e0 inviare, entro i termini indicati, una semplice e-mail all\u2019indirizzo <a href=\"mailto:info@acquaspoleto.com\"><strong>info@acquaspoleto.com<\/strong><\/a> in cui vengano indicati i propri dati, e cio\u00e8 Nome, Cognome, Indirizzo, Numero d\u2019ordine dell\u2019ordine originario, telefono, descrizione del prodotto, codice IBAN e intestatario del conto corrente dove viene chiesto di effettuare il bonifico per il rimborso (vedere modello di e-mail pi\u00f9 in basso).<\/p>\n<p>Non appena inviata tale comunicazione ad Acquaspoleto.com, il Cliente dovr\u00e0 spedire, a proprie spese e con un corriere di propria scelta, il prodotto che intende restituire, includendo nella spedizione una lettera con i propri dati comunicati via e-mail (vedere modello pi\u00f9 in basso).<\/p>\n<p>Il prodotto reso dovr\u00e0 pervenire ad Acquaspoleto.com entro al massimo 14 giorni di calendario dalla data in cui ha comunicato il recesso. Una volta ricevuto il prodotto reso, Acquaspoleto.com proceder\u00e0, tramite bonifico bancario, al rimborso relativo al prezzo pagato per il prodotto \/ i prodotti per i quali si \u00e8 esercitato il diritto di recesso, entro 14 giorni di calendario dal giorno in cui \u00e8 stata comunicata la decisione del recesso, a patto che il bene oggetto del recesso sia pervenuto ad Acquaspoleto.com, o sia stata fornita prova inequivocabile dell&#8217;avvenuta spedizione tramite corriere. Il cliente sar\u00e0 ritenuto responsabile, e quindi non risarcibile, per la diminuzione di valore dei beni risultante da una manipolazione diversa da quella strettamente necessaria a stabilire la natura e le caratteristiche del bene. Per i prodotti ad uso personale, per motivi igienici e sanitari non \u00e8 possibile restituire prodotti gi\u00e0 utilizzati. Tutti i rischi relativi al trasporto del prodotto reso sono a carico del Cliente.<\/p>\n<p style=\"text-align: center;\"><strong>CONFERIMENTO E TRATTAMENTO DEI DATI PERSONALI<\/strong><\/p>\n<p>I dati personali del Cliente sono raccolti con la finalit\u00e0 di poter dare esecuzione al contratto di acquisto e alla spedizione degli ordini ricevuti. Acquaspoleto.com invita l\u2019Utente a consultare le condizioni relative al trattamento dei dati personali tramite la <a href=\"http:\/\/test.acquaspoleto.com\/privacy-policy\/\">Privacy Policy<\/a>.<\/p>\n<p style=\"text-align: center;\"><strong>LEGGE APPLICABILE E FORO COMPETENTE<\/strong><\/p>\n<p>Il contratto tra Acquaspoleto.com e il cliente \u00e8 regolato dalla legge italiana. Per qualsiasi controversia tra le parti in merito al presente contratto sar\u00e0 competente il Foro di Spoleto.<\/p>\n","protected":false},"excerpt":{"rendered":"<p>CONDIZIONI CONTRATTUALI DI VENDITA PREMESSE L&#8217;offerta e la vendita di prodotti sul sito web Acquaspoleto.com sono regolati dalle seguenti condizioni generali di vendita. I prodotti acquistati sul sito sono venduti da Gabriela Goffi Profumeria, con sede in Largo Ferrer 3 &#8211; 06049 Spoleto (Pg), Partita IVA: 02041520541. DEFINIZIONI Nel presente contratto vengono utilizzate le seguenti [&hellip;]\n","protected":false},"author":1,"featured_media":0,"parent":0,"menu_order":0,"comment_status":"closed","ping_status":"closed","template":"","meta":{"_acf_changed":false,"footnotes":""},"class_list":["post-404","page","type-page","status-publish","hentry"],"acf":[],"yoast_head":"<!-- This site is optimized with the Yoast SEO plugin v27.4 - https:\/\/yoast.com\/product\/yoast-seo-wordpress\/ -->\n<title>Terms &amp; Conditions - Acqua Spoleto<\/title>\n<meta name=\"robots\" content=\"index, follow, max-snippet:-1, max-image-preview:large, max-video-preview:-1\" \/>\n<link rel=\"canonical\" href=\"https:\/\/acquaspoleto.com\/en\/terms-conditions\/\" \/>\n<meta property=\"og:locale\" content=\"en_US\" \/>\n<meta property=\"og:type\" content=\"article\" \/>\n<meta property=\"og:title\" content=\"Terms &amp; Conditions - Acqua Spoleto\" \/>\n<meta property=\"og:description\" content=\"CONDIZIONI CONTRATTUALI DI VENDITA PREMESSE L&#8217;offerta e la vendita di prodotti sul sito web Acquaspoleto.com sono regolati dalle seguenti condizioni generali di vendita. I prodotti acquistati sul sito sono venduti da Gabriela Goffi Profumeria, con sede in Largo Ferrer 3 &#8211; 06049 Spoleto (Pg), Partita IVA: 02041520541. DEFINIZIONI Nel presente contratto vengono utilizzate le seguenti [&hellip;]\" \/>\n<meta property=\"og:url\" content=\"https:\/\/acquaspoleto.com\/en\/terms-conditions\/\" \/>\n<meta property=\"og:site_name\" content=\"Acqua Spoleto\" \/>\n<meta property=\"article:publisher\" content=\"https:\/\/www.facebook.com\/ACQVASPOLETO\/\" \/>\n<meta property=\"article:modified_time\" content=\"2026-02-03T11:36:02+00:00\" \/>\n<meta property=\"og:image\" content=\"http:\/\/test.acquaspoleto.com\/wp-content\/uploads\/2017\/03\/cropped-logo-512-1.jpg\" \/>\n<meta name=\"twitter:card\" content=\"summary_large_image\" \/>\n<meta name=\"twitter:site\" content=\"@AcqvaSpoleto\" \/>\n<meta name=\"twitter:label1\" content=\"Est. reading time\" \/>\n\t<meta name=\"twitter:data1\" content=\"8 minutes\" \/>\n<script type=\"application\/ld+json\" class=\"yoast-schema-graph\">{\"@context\":\"https:\\\/\\\/schema.org\",\"@graph\":[{\"@type\":\"WebPage\",\"@id\":\"https:\\\/\\\/acquaspoleto.com\\\/en\\\/terms-conditions\\\/\",\"url\":\"https:\\\/\\\/acquaspoleto.com\\\/en\\\/terms-conditions\\\/\",\"name\":\"Terms & Conditions - Acqua Spoleto\",\"isPartOf\":{\"@id\":\"https:\\\/\\\/acquaspoleto.com\\\/#website\"},\"datePublished\":\"2017-03-08T18:39:28+00:00\",\"dateModified\":\"2026-02-03T11:36:02+00:00\",\"breadcrumb\":{\"@id\":\"https:\\\/\\\/acquaspoleto.com\\\/en\\\/terms-conditions\\\/#breadcrumb\"},\"inLanguage\":\"en-US\",\"potentialAction\":[{\"@type\":\"ReadAction\",\"target\":[\"https:\\\/\\\/acquaspoleto.com\\\/en\\\/terms-conditions\\\/\"]}]},{\"@type\":\"BreadcrumbList\",\"@id\":\"https:\\\/\\\/acquaspoleto.com\\\/en\\\/terms-conditions\\\/#breadcrumb\",\"itemListElement\":[{\"@type\":\"ListItem\",\"position\":1,\"name\":\"Home\",\"item\":\"https:\\\/\\\/acquaspoleto.com\\\/en\\\/\"},{\"@type\":\"ListItem\",\"position\":2,\"name\":\"Terms &#038; Conditions\"}]},{\"@type\":\"WebSite\",\"@id\":\"https:\\\/\\\/acquaspoleto.com\\\/#website\",\"url\":\"https:\\\/\\\/acquaspoleto.com\\\/\",\"name\":\"Acqua Spoleto\",\"description\":\"Eau de Parfum\",\"publisher\":{\"@id\":\"https:\\\/\\\/acquaspoleto.com\\\/#organization\"},\"potentialAction\":[{\"@type\":\"SearchAction\",\"target\":{\"@type\":\"EntryPoint\",\"urlTemplate\":\"https:\\\/\\\/acquaspoleto.com\\\/?s={search_term_string}\"},\"query-input\":{\"@type\":\"PropertyValueSpecification\",\"valueRequired\":true,\"valueName\":\"search_term_string\"}}],\"inLanguage\":\"en-US\"},{\"@type\":\"Organization\",\"@id\":\"https:\\\/\\\/acquaspoleto.com\\\/#organization\",\"name\":\"Acqua Spoleto\",\"url\":\"https:\\\/\\\/acquaspoleto.com\\\/\",\"logo\":{\"@type\":\"ImageObject\",\"inLanguage\":\"en-US\",\"@id\":\"https:\\\/\\\/acquaspoleto.com\\\/#\\\/schema\\\/logo\\\/image\\\/\",\"url\":\"https:\\\/\\\/acquaspoleto.com\\\/wp-content\\\/uploads\\\/2017\\\/03\\\/logo-512.jpg\",\"contentUrl\":\"https:\\\/\\\/acquaspoleto.com\\\/wp-content\\\/uploads\\\/2017\\\/03\\\/logo-512.jpg\",\"width\":512,\"height\":512,\"caption\":\"Acqua Spoleto\"},\"image\":{\"@id\":\"https:\\\/\\\/acquaspoleto.com\\\/#\\\/schema\\\/logo\\\/image\\\/\"},\"sameAs\":[\"https:\\\/\\\/www.facebook.com\\\/ACQVASPOLETO\\\/\",\"https:\\\/\\\/x.com\\\/AcqvaSpoleto\",\"https:\\\/\\\/www.instagram.com\\\/acqvaspoleto\\\/\"]}]}<\/script>\n<!-- \/ Yoast SEO plugin. -->","yoast_head_json":{"title":"Terms & Conditions - Acqua Spoleto","robots":{"index":"index","follow":"follow","max-snippet":"max-snippet:-1","max-image-preview":"max-image-preview:large","max-video-preview":"max-video-preview:-1"},"canonical":"https:\/\/acquaspoleto.com\/en\/terms-conditions\/","og_locale":"en_US","og_type":"article","og_title":"Terms & Conditions - Acqua Spoleto","og_description":"CONDIZIONI CONTRATTUALI DI VENDITA PREMESSE L&#8217;offerta e la vendita di prodotti sul sito web Acquaspoleto.com sono regolati dalle seguenti condizioni generali di vendita. I prodotti acquistati sul sito sono venduti da Gabriela Goffi Profumeria, con sede in Largo Ferrer 3 &#8211; 06049 Spoleto (Pg), Partita IVA: 02041520541. DEFINIZIONI Nel presente contratto vengono utilizzate le seguenti [&hellip;]","og_url":"https:\/\/acquaspoleto.com\/en\/terms-conditions\/","og_site_name":"Acqua Spoleto","article_publisher":"https:\/\/www.facebook.com\/ACQVASPOLETO\/","article_modified_time":"2026-02-03T11:36:02+00:00","og_image":[{"url":"http:\/\/test.acquaspoleto.com\/wp-content\/uploads\/2017\/03\/cropped-logo-512-1.jpg","type":"","width":"","height":""}],"twitter_card":"summary_large_image","twitter_site":"@AcqvaSpoleto","twitter_misc":{"Est. reading time":"8 minutes"},"schema":{"@context":"https:\/\/schema.org","@graph":[{"@type":"WebPage","@id":"https:\/\/acquaspoleto.com\/en\/terms-conditions\/","url":"https:\/\/acquaspoleto.com\/en\/terms-conditions\/","name":"Terms & Conditions - Acqua Spoleto","isPartOf":{"@id":"https:\/\/acquaspoleto.com\/#website"},"datePublished":"2017-03-08T18:39:28+00:00","dateModified":"2026-02-03T11:36:02+00:00","breadcrumb":{"@id":"https:\/\/acquaspoleto.com\/en\/terms-conditions\/#breadcrumb"},"inLanguage":"en-US","potentialAction":[{"@type":"ReadAction","target":["https:\/\/acquaspoleto.com\/en\/terms-conditions\/"]}]},{"@type":"BreadcrumbList","@id":"https:\/\/acquaspoleto.com\/en\/terms-conditions\/#breadcrumb","itemListElement":[{"@type":"ListItem","position":1,"name":"Home","item":"https:\/\/acquaspoleto.com\/en\/"},{"@type":"ListItem","position":2,"name":"Terms &#038; Conditions"}]},{"@type":"WebSite","@id":"https:\/\/acquaspoleto.com\/#website","url":"https:\/\/acquaspoleto.com\/","name":"Acqua Spoleto","description":"Eau de Parfum","publisher":{"@id":"https:\/\/acquaspoleto.com\/#organization"},"potentialAction":[{"@type":"SearchAction","target":{"@type":"EntryPoint","urlTemplate":"https:\/\/acquaspoleto.com\/?s={search_term_string}"},"query-input":{"@type":"PropertyValueSpecification","valueRequired":true,"valueName":"search_term_string"}}],"inLanguage":"en-US"},{"@type":"Organization","@id":"https:\/\/acquaspoleto.com\/#organization","name":"Acqua Spoleto","url":"https:\/\/acquaspoleto.com\/","logo":{"@type":"ImageObject","inLanguage":"en-US","@id":"https:\/\/acquaspoleto.com\/#\/schema\/logo\/image\/","url":"https:\/\/acquaspoleto.com\/wp-content\/uploads\/2017\/03\/logo-512.jpg","contentUrl":"https:\/\/acquaspoleto.com\/wp-content\/uploads\/2017\/03\/logo-512.jpg","width":512,"height":512,"caption":"Acqua Spoleto"},"image":{"@id":"https:\/\/acquaspoleto.com\/#\/schema\/logo\/image\/"},"sameAs":["https:\/\/www.facebook.com\/ACQVASPOLETO\/","https:\/\/x.com\/AcqvaSpoleto","https:\/\/www.instagram.com\/acqvaspoleto\/"]}]}},"_links":{"self":[{"href":"https:\/\/acquaspoleto.com\/en\/wp-json\/wp\/v2\/pages\/404","targetHints":{"allow":["GET"]}}],"collection":[{"href":"https:\/\/acquaspoleto.com\/en\/wp-json\/wp\/v2\/pages"}],"about":[{"href":"https:\/\/acquaspoleto.com\/en\/wp-json\/wp\/v2\/types\/page"}],"author":[{"embeddable":true,"href":"https:\/\/acquaspoleto.com\/en\/wp-json\/wp\/v2\/users\/1"}],"replies":[{"embeddable":true,"href":"https:\/\/acquaspoleto.com\/en\/wp-json\/wp\/v2\/comments?post=404"}],"version-history":[{"count":3,"href":"https:\/\/acquaspoleto.com\/en\/wp-json\/wp\/v2\/pages\/404\/revisions"}],"predecessor-version":[{"id":1786,"href":"https:\/\/acquaspoleto.com\/en\/wp-json\/wp\/v2\/pages\/404\/revisions\/1786"}],"wp:attachment":[{"href":"https:\/\/acquaspoleto.com\/en\/wp-json\/wp\/v2\/media?parent=404"}],"curies":[{"name":"wp","href":"https:\/\/api.w.org\/{rel}","templated":true}]}}